{"id":3687,"date":"2022-01-27T11:12:18","date_gmt":"2022-01-27T10:12:18","guid":{"rendered":"https:\/\/www.futuragrado.it\/spiagge\/"},"modified":"2022-02-16T12:32:26","modified_gmt":"2022-02-16T11:32:26","slug":"spiagge","status":"publish","type":"page","link":"https:\/\/www.futuragrado.it\/de\/spiagge\/","title":{"rendered":"Strand"},"content":{"rendered":"<p>[vc_row full_width=&#8220;stretch_row_content_no_spaces&#8220; content_placement=&#8220;top&#8220;][vc_column][vc_single_image image=&#8220;3657&#8243; img_size=&#8220;1920&#215;394&#8243; alignment=&#8220;center&#8220; css=&#8220;.vc_custom_1644831256209{margin-bottom: 60px !important;}&#8220;][\/vc_column][\/vc_row][vc_row][vc_column][g5plus_heading title=&#8220;ENTDECKEN SIE DIE VORTEILE, DEN SONNENSCHIRM BEI UNS ZU RESERVIEREN!&#8220; text_align=&#8220;text-center&#8220; css=&#8220;.vc_custom_1644846083472{margin-bottom: 60px !important;}&#8220;][vc_empty_space][\/vc_column][\/vc_row][vc_row][vc_column width=&#8220;1\/2&#8243;][vc_single_image image=&#8220;3367&#8243; img_size=&#8220;full&#8220; alignment=&#8220;center&#8220;][\/vc_column][vc_column width=&#8220;1\/2&#8243;][vc_column_text]<\/p>\n<h6>NICHT MEHR WARTESCHLANGE!<\/h6>\n<div>Wir bieten unseren G\u00e4sten die M\u00f6glichkeit, das <strong>GIT-STRANDPAKET<\/strong> bequem bei uns zu kaufen. Das Paket bietet 2 Eintritte f\u00fcr Erwachsene, einen Sonnenschirm und zwei Liegen.<\/div>\n<div><b>Fragen Sie bei der Buchung danach!<\/b><\/div>\n<div><b>\u00a0<\/b><\/div>\n<div>&#8230;oder&#8230;<\/div>\n<div><b>\u00a0<\/b><\/div>\n<div>Das <strong>PIPER BEACH CLUB<\/strong> am Strand Costa Azzurra empf\u00e4ngt Sie mit einer besonderen Behandlung.<br \/>\nRufen Sie direkt diesen Nummer an, um Ihren Sonnenschirm zu buchen: (+39) 333 9107628.<\/div>\n<p>[\/vc_column_text][\/vc_column][\/vc_row]<\/p>\n","protected":false},"excerpt":{"rendered":"<p>[vc_row full_width=&#8220;stretch_row_content_no_spaces&#8220; content_placement=&#8220;top&#8220;][vc_column][vc_single_image image=&#8220;3657&#8243; img_size=&#8220;1920&#215;394&#8243; alignment=&#8220;center&#8220; css=&#8220;.vc_custom_1644831256209{margin-bottom: 60px !important;}&#8220;][\/vc_column][\/vc_row][vc_row][vc_column][g5plus_heading title=&#8220;ENTDECKEN SIE DIE VORTEILE, DEN SONNENSCHIRM BEI UNS ZU RESERVIEREN!&#8220; text_align=&#8220;text-center&#8220; css=&#8220;.vc_custom_1644846083472{margin-bottom: 60px !important;}&#8220;][vc_empty_space][\/vc_column][\/vc_row][vc_row][vc_column width=&#8220;1\/2&#8243;][vc_single_image image=&#8220;3367&#8243; img_size=&#8220;full&#8220; alignment=&#8220;center&#8220;][\/vc_column][vc_column width=&#8220;1\/2&#8243;][vc_column_text] NICHT MEHR WARTESCHLANGE! Wir bieten unseren G\u00e4sten die M\u00f6glichkeit, das GIT-STRANDPAKET bequem bei uns zu kaufen. Das Paket bietet 2 Eintritte f\u00fcr Erwachsene, einen Sonnenschirm und zwei [&hellip;]<\/p>\n","protected":false},"author":2,"featured_media":0,"parent":0,"menu_order":0,"comment_status":"closed","ping_status":"closed","template":"","meta":{"footnotes":""},"class_list":["post-3687","page","type-page","status-publish","hentry"],"_links":{"self":[{"href":"https:\/\/www.futuragrado.it\/de\/wp-json\/wp\/v2\/pages\/3687","targetHints":{"allow":["GET"]}}],"collection":[{"href":"https:\/\/www.futuragrado.it\/de\/wp-json\/wp\/v2\/pages"}],"about":[{"href":"https:\/\/www.futuragrado.it\/de\/wp-json\/wp\/v2\/types\/page"}],"author":[{"embeddable":true,"href":"https:\/\/www.futuragrado.it\/de\/wp-json\/wp\/v2\/users\/2"}],"replies":[{"embeddable":true,"href":"https:\/\/www.futuragrado.it\/de\/wp-json\/wp\/v2\/comments?post=3687"}],"version-history":[{"count":2,"href":"https:\/\/www.futuragrado.it\/de\/wp-json\/wp\/v2\/pages\/3687\/revisions"}],"predecessor-version":[{"id":3897,"href":"https:\/\/www.futuragrado.it\/de\/wp-json\/wp\/v2\/pages\/3687\/revisions\/3897"}],"wp:attachment":[{"href":"https:\/\/www.futuragrado.it\/de\/wp-json\/wp\/v2\/media?parent=3687"}],"curies":[{"name":"wp","href":"https:\/\/api.w.org\/{rel}","templated":true}]}}