{"id":4788,"date":"2022-01-31T11:55:12","date_gmt":"2022-01-31T10:55:12","guid":{"rendered":"https:\/\/www.futuragrado.it\/cookie-policy\/"},"modified":"2022-04-11T17:51:28","modified_gmt":"2022-04-11T15:51:28","slug":"cookie-policy","status":"publish","type":"page","link":"https:\/\/www.futuragrado.it\/de\/cookie-policy\/","title":{"rendered":"Cookie Policy"},"content":{"rendered":"<p>[vc_row][vc_column][g5plus_space desktop=&#8220;50&#8243; tablet=&#8220;40&#8243; tablet_portrait=&#8220;30&#8243; mobile_landscape=&#8220;30&#8243; mobile=&#8220;30&#8243;][g5plus_heading title=&#8220;Cookie Policy&#8220;][vc_column_text]<\/p>\n<h2>Cookie-Erkl\u00e4rung<\/h2>\n<p>Cookies sind kleine Textdateien, die auf Ihrem Computer abgelegt werden, wenn Sie bestimmte Websites besuchen. Websites verwenden Cookies, um Benutzern das Navigieren auf einer Website zu erleichtern und das Ausf\u00fchren bestimmter Funktionen zu erm\u00f6glichen. Cookies, die f\u00fcr den ordnungsgem\u00e4\u00dfen Betrieb der Website erforderlich sind, d\u00fcrfen ohne Ihre Einwilligung gesetzt werden. Allen anderen Cookies muss erst zugestimmt werden, bevor sie im Browser gesetzt werden k\u00f6nnen.<br \/>\nSie k\u00f6nnen Ihre Einwilligung zur Verwendung von Cookies auf unserer Website jederzeit in der Datenschutzerkl\u00e4rung \u00e4ndern.<\/p>\n<p>&nbsp;<\/p>\n<h3>VON DIESER WEBSITE VERWENDETE COOKIES UND DEREN ZWECK<\/h3>\n<p>Nachfolgend finden Sie die Informationen und Einstellungen der auf dieser Website verwendeten Cookies.<\/p>\n<p>Sie k\u00f6nnen Cookies nach Ihren W\u00fcnschen aktivieren oder deaktivieren.<\/p>\n<p><script type=\"text\/javascript\" charset=\"UTF-8\" data-cookiescriptreport=\"report\" src=\"\/\/report.cookie-script.com\/r\/83e961de3e830c7ec9b4585b9fcfc3d8.js\"><\/script>[\/vc_column_text][\/vc_column][\/vc_row]<\/p>\n","protected":false},"excerpt":{"rendered":"<p>[vc_row][vc_column][g5plus_space desktop=&#8220;50&#8243; tablet=&#8220;40&#8243; tablet_portrait=&#8220;30&#8243; mobile_landscape=&#8220;30&#8243; mobile=&#8220;30&#8243;][g5plus_heading title=&#8220;Cookie Policy&#8220;][vc_column_text] Cookie-Erkl\u00e4rung Cookies sind kleine Textdateien, die auf Ihrem Computer abgelegt werden, wenn Sie bestimmte Websites besuchen. Websites verwenden Cookies, um Benutzern das Navigieren auf einer Website zu erleichtern und das Ausf\u00fchren bestimmter Funktionen zu erm\u00f6glichen. Cookies, die f\u00fcr den ordnungsgem\u00e4\u00dfen Betrieb der Website erforderlich sind, d\u00fcrfen ohne [&hellip;]<\/p>\n","protected":false},"author":2,"featured_media":0,"parent":0,"menu_order":0,"comment_status":"closed","ping_status":"closed","template":"","meta":{"footnotes":""},"class_list":["post-4788","page","type-page","status-publish","hentry"],"_links":{"self":[{"href":"https:\/\/www.futuragrado.it\/de\/wp-json\/wp\/v2\/pages\/4788","targetHints":{"allow":["GET"]}}],"collection":[{"href":"https:\/\/www.futuragrado.it\/de\/wp-json\/wp\/v2\/pages"}],"about":[{"href":"https:\/\/www.futuragrado.it\/de\/wp-json\/wp\/v2\/types\/page"}],"author":[{"embeddable":true,"href":"https:\/\/www.futuragrado.it\/de\/wp-json\/wp\/v2\/users\/2"}],"replies":[{"embeddable":true,"href":"https:\/\/www.futuragrado.it\/de\/wp-json\/wp\/v2\/comments?post=4788"}],"version-history":[{"count":2,"href":"https:\/\/www.futuragrado.it\/de\/wp-json\/wp\/v2\/pages\/4788\/revisions"}],"predecessor-version":[{"id":4790,"href":"https:\/\/www.futuragrado.it\/de\/wp-json\/wp\/v2\/pages\/4788\/revisions\/4790"}],"wp:attachment":[{"href":"https:\/\/www.futuragrado.it\/de\/wp-json\/wp\/v2\/media?parent=4788"}],"curies":[{"name":"wp","href":"https:\/\/api.w.org\/{rel}","templated":true}]}}